{"id":26,"date":"2019-05-18T16:34:02","date_gmt":"2019-05-18T14:34:02","guid":{"rendered":"http:\/\/orrygeoise.fr\/?page_id=26"},"modified":"2026-02-19T21:36:36","modified_gmt":"2026-02-19T20:36:36","slug":"lorrygeoise-2024","status":"publish","type":"page","link":"https:\/\/www.orrygeoise.fr\/","title":{"rendered":"L&rsquo;Orrygeoise 2026"},"content":{"rendered":"<blockquote>\n<h4>L&rsquo;ORRYGEOISE\u00a0 est de retour le dimanche\u00a0 20 septembre 2026 avec l&rsquo;option Maratrail de 42km195 cette ann\u00e9e (une ann\u00e9e sur deux).<\/h4>\n<\/blockquote>\n\n\n<p>PPS : Pass Pr\u00e9vention Sant\u00e9 valable 1 an payant en 2026 <a href=\"https:\/\/pps.athle.fr\/\" data-type=\"link\" data-id=\"https:\/\/pps.athle.fr\/\" target=\"_blank\" rel=\"noreferrer noopener\">lien parcours sant\u00e9<\/a> <\/p>\n\n\n<div class=\"wp-block-image\">\n<figure class=\"aligncenter size-large\"><img fetchpriority=\"high\" decoding=\"async\" width=\"1024\" height=\"678\" src=\"https:\/\/www.orrygeoise.fr\/wp-content\/uploads\/2023\/03\/1999-image0-1024x678.jpeg\" alt=\"\" class=\"wp-image-8560\" srcset=\"https:\/\/www.orrygeoise.fr\/wp-content\/uploads\/2023\/03\/1999-image0-1024x678.jpeg 1024w, https:\/\/www.orrygeoise.fr\/wp-content\/uploads\/2023\/03\/1999-image0-300x199.jpeg 300w, https:\/\/www.orrygeoise.fr\/wp-content\/uploads\/2023\/03\/1999-image0-768x509.jpeg 768w, https:\/\/www.orrygeoise.fr\/wp-content\/uploads\/2023\/03\/1999-image0-1536x1017.jpeg 1536w, https:\/\/www.orrygeoise.fr\/wp-content\/uploads\/2023\/03\/1999-image0-2048x1356.jpeg 2048w, https:\/\/www.orrygeoise.fr\/wp-content\/uploads\/2023\/03\/1999-image0-1800x1192.jpeg 1800w, https:\/\/www.orrygeoise.fr\/wp-content\/uploads\/2023\/03\/1999-image0-640x424.jpeg 640w\" sizes=\"(max-width: 1024px) 100vw, 1024px\" \/><\/figure><\/div>\n\n\n<h2 class=\"wp-block-heading\"><strong>Inscription par internet<\/strong> : <a href=\"https:\/\/orrygeoise.adeorun.com\/\" target=\"_blank\" rel=\"noreferrer noopener\">L&rsquo;Orrygeoise (adeorun.com)<\/a><\/h2>\n\n\n<div class=\"wp-block-image\">\n<figure class=\"aligncenter size-full\"><img decoding=\"async\" width=\"589\" height=\"845\" src=\"https:\/\/www.orrygeoise.fr\/wp-content\/uploads\/2026\/02\/flyer.png\" alt=\"\" class=\"wp-image-9997\" srcset=\"https:\/\/www.orrygeoise.fr\/wp-content\/uploads\/2026\/02\/flyer.png 589w, https:\/\/www.orrygeoise.fr\/wp-content\/uploads\/2026\/02\/flyer-209x300.png 209w, https:\/\/www.orrygeoise.fr\/wp-content\/uploads\/2026\/02\/flyer-446x640.png 446w\" sizes=\"(max-width: 589px) 100vw, 589px\" \/><\/figure><\/div>\n\n\n<p>Retrait des dossards : samedi 19 septembre \u00e0 partir de 14H \u00e0 17H30 et le dimanche 20 avant la course. Salle Edmond Rostand \u00e0 Orry La ville.<\/p>\n\n\n\n<p>Votre temps d&rsquo;entra\u00eenement restant avant la course :<\/p>\n\n\n\n<style type='text\/css'><\/style>\n<div class=\"wpcdt-wrap wpcdt-timer-wrap wpcdt-clearfix  wpcdt-timer-circle wpcdt-timer-5352\" data-conf=\"{&quot;current_date&quot;:&quot;2026-05-06 13:13:53&quot;,&quot;expiry_date&quot;:&quot;2026-09-20 09:00:00&quot;,&quot;timercircle_animation&quot;:&quot;smooth&quot;,&quot;timercircle_width&quot;:0.08333,&quot;timer_bg_width&quot;:1.2,&quot;timer_bgclr&quot;:&quot;#4b4f48&quot;,&quot;timer_day_bgclr&quot;:&quot;#e86633&quot;,&quot;timer_hour_bgclr&quot;:&quot;#36b0e3&quot;,&quot;timer_minute_bgclr&quot;:&quot;#e2c351&quot;,&quot;timer_second_bgclr&quot;:&quot;#66c5af&quot;,&quot;day_text&quot;:&quot;Days&quot;,&quot;hour_text&quot;:&quot;Hours&quot;,&quot;minute_text&quot;:&quot;Minutes&quot;,&quot;second_text&quot;:&quot;Seconds&quot;,&quot;is_days&quot;:1,&quot;is_hours&quot;:1,&quot;is_minutes&quot;:1,&quot;is_seconds&quot;:1}\">\n\t<div class=\"wpcdt-timer-inr wpcdt-timer wpcdt-timer-js\" id=\"wpcdt-timer-1\" data-id=\"5352\">\n\t\t<div class=\"wpcdt-clock wpcdt-clock-circle\" data-timer=\"11821567\"><\/div>\n\t<\/div>\n<\/div>\n","protected":false},"excerpt":{"rendered":"<p>L&rsquo;ORRYGEOISE\u00a0 est de retour le dimanche\u00a0 20 septembre 2026 avec l&rsquo;option Maratrail de 42km195 cette ann\u00e9e (une ann\u00e9e sur deux). PPS : Pass Pr\u00e9vention Sant\u00e9 valable 1 an payant en 2026 lien parcours sant\u00e9 Inscription par internet :&#8230; <a class=\"read-more\" href=\"https:\/\/www.orrygeoise.fr\/\">Read More<\/a><\/p>\n","protected":false},"author":1,"featured_media":0,"parent":0,"menu_order":0,"comment_status":"closed","ping_status":"closed","template":"elementor_theme","meta":{"footnotes":""},"class_list":["post-26","page","type-page","status-publish","hentry","no-comments"],"jetpack_sharing_enabled":true,"_links":{"self":[{"href":"https:\/\/www.orrygeoise.fr\/index.php?rest_route=\/wp\/v2\/pages\/26","targetHints":{"allow":["GET"]}}],"collection":[{"href":"https:\/\/www.orrygeoise.fr\/index.php?rest_route=\/wp\/v2\/pages"}],"about":[{"href":"https:\/\/www.orrygeoise.fr\/index.php?rest_route=\/wp\/v2\/types\/page"}],"author":[{"embeddable":true,"href":"https:\/\/www.orrygeoise.fr\/index.php?rest_route=\/wp\/v2\/users\/1"}],"replies":[{"embeddable":true,"href":"https:\/\/www.orrygeoise.fr\/index.php?rest_route=%2Fwp%2Fv2%2Fcomments&post=26"}],"version-history":[{"count":131,"href":"https:\/\/www.orrygeoise.fr\/index.php?rest_route=\/wp\/v2\/pages\/26\/revisions"}],"predecessor-version":[{"id":10008,"href":"https:\/\/www.orrygeoise.fr\/index.php?rest_route=\/wp\/v2\/pages\/26\/revisions\/10008"}],"wp:attachment":[{"href":"https:\/\/www.orrygeoise.fr\/index.php?rest_route=%2Fwp%2Fv2%2Fmedia&parent=26"}],"curies":[{"name":"wp","href":"https:\/\/api.w.org\/{rel}","templated":true}]}}